{"id":2020,"date":"2020-02-09T16:29:21","date_gmt":"2020-02-09T15:29:21","guid":{"rendered":"https:\/\/infinitysmilecreazioni.it\/?page_id=2020"},"modified":"2021-08-14T08:19:33","modified_gmt":"2021-08-14T06:19:33","slug":"termini-e-condizioni-duso","status":"publish","type":"page","link":"https:\/\/infinitysmilecreazioni.it\/?page_id=2020","title":{"rendered":"Termini e Condizioni d&#8217;uso"},"content":{"rendered":"\t\t<div data-elementor-type=\"wp-page\" data-elementor-id=\"2020\" class=\"elementor elementor-2020\">\n\t\t\t\t\t\t<section class=\"elementor-section elementor-top-section elementor-element elementor-element-5d28e681 elementor-section-boxed elementor-section-height-default elementor-section-height-default\" data-id=\"5d28e681\" data-element_type=\"section\" data-e-type=\"section\">\n\t\t\t\t\t\t<div class=\"elementor-container elementor-column-gap-default\">\n\t\t\t\t\t<div class=\"elementor-column elementor-col-100 elementor-top-column elementor-element elementor-element-31882c05\" data-id=\"31882c05\" data-element_type=\"column\" data-e-type=\"column\">\n\t\t\t<div class=\"elementor-widget-wrap elementor-element-populated\">\n\t\t\t\t\t\t<div class=\"elementor-element elementor-element-398f6b3f elementor-widget elementor-widget-text-editor\" data-id=\"398f6b3f\" data-element_type=\"widget\" data-e-type=\"widget\" data-widget_type=\"text-editor.default\">\n\t\t\t\t<div class=\"elementor-widget-container\">\n\t\t\t\t\t\t\t\t\t<div style=\"margin-bottom: 21px; margin-left: calc((100% - 980px) * 0.5); background: 0px 0px; overflow-wrap: break-word; position: relative; left: 150px; grid-area: 3 \/ 1 \/ 4 \/ 2; place-self: start; pointer-events: none; color: #000000; font-family: Arial, Helvetica, sans-serif; font-size: 10px; font-style: normal; font-weight: 400; width: 660px;\" data-packed=\"true\">\n<h2 style=\"margin-bottom: 0px; background: 0px 0px; font-style: normal; font-variant-numeric: normal; font-variant-east-asian: normal; font-stretch: normal; font-size: 26px; line-height: normal; font-family: brandon-grot-w01-light, sans-serif; color: #0d5eba; pointer-events: auto; text-align: center;\"><span style=\"background: 0px 0px;\"><span style=\"background: 0px 0px; letter-spacing: 0.1em;\">TERMINI E CONDIZIONI D&#8217;USO<\/span><\/span><\/h2>\n<\/div>\n<div style=\"margin-bottom: 10px; margin-left: calc((100% - 980px) * 0.5); background: 0px 0px; overflow-wrap: break-word; position: relative; left: 160px; grid-area: 4 \/ 1 \/ 5 \/ 2; place-self: start; pointer-events: none; color: #000000; font-family: Arial, Helvetica, sans-serif; font-size: 10px; font-style: normal; width: 667px; min-height: 404px;\" data-packed=\"false\" data-min-height=\"404\">\n<p style=\"font-weight: normal; margin-bottom: 0px; background: 0px 0px; font-style: normal; font-variant-numeric: normal; font-variant-east-asian: normal; font-stretch: normal; font-size: 14px; line-height: normal; font-family: avenir-lt-w01_35-light1475496, sans-serif; color: #909090; pointer-events: auto;\">\n<\/p><p style=\"font-weight: normal; margin-bottom: 0px; background: 0px 0px; font-style: normal; font-variant-numeric: normal; font-variant-east-asian: normal; font-stretch: normal; font-size: 14px; line-height: normal; font-family: avenir-lt-w01_35-light1475496, sans-serif; color: #909090; pointer-events: auto;\">Il presente sito \u00e8 propriet\u00e0 di:<\/p>\n<p style=\"font-weight: normal; margin-bottom: 0px; background: 0px 0px; font-style: normal; font-variant-numeric: normal; font-variant-east-asian: normal; font-stretch: normal; font-size: 14px; line-height: normal; font-family: avenir-lt-w01_35-light1475496, sans-serif; color: #909090; pointer-events: auto;\">Infinity smile creazioni&nbsp;di Manuel Piras<\/p>\n<p style=\"font-weight: normal; margin-bottom: 0px; background: 0px 0px; font-style: normal; font-variant-numeric: normal; font-variant-east-asian: normal; font-stretch: normal; font-size: 14px; line-height: normal; font-family: avenir-lt-w01_35-light1475496, sans-serif; color: #909090; pointer-events: auto;\">Sede Legale ed Operativa:&nbsp;<\/p>\n<p style=\"font-weight: normal; margin-bottom: 0px; background: 0px 0px; font-style: normal; font-variant-numeric: normal; font-variant-east-asian: normal; font-stretch: normal; font-size: 14px; line-height: normal; font-family: avenir-lt-w01_35-light1475496, sans-serif; color: #909090; pointer-events: auto;\">Codice Fiscale\/Partita IVA:&nbsp;02620670063<\/p>\n<p style=\"font-weight: normal; margin-bottom: 0px; background: 0px 0px; font-style: normal; font-variant-numeric: normal; font-variant-east-asian: normal; font-stretch: normal; font-size: 14px; line-height: normal; font-family: avenir-lt-w01_35-light1475496, sans-serif; color: #909090; pointer-events: auto;\">Tel: +39 3516895018<\/p>\n<p style=\"font-weight: normal; margin-bottom: 0px; background: 0px 0px; font-style: normal; font-variant-numeric: normal; font-variant-east-asian: normal; font-stretch: normal; font-size: 14px; line-height: normal; font-family: avenir-lt-w01_35-light1475496, sans-serif; color: #909090; pointer-events: auto;\">E-mail:&nbsp;<a style=\"background-image: initial; background-position: 0px 0px; background-size: initial; background-repeat: initial; background-attachment: initial; background-origin: initial; background-clip: initial; cursor: pointer; color: inherit;\" href=\"mailto:info@infinitysmilecreazioni.it\" data-auto-recognition=\"true\" data-content=\"info@infinitysmilecreazioni.it\" data-type=\"mail\">info@infinitysmilecreazioni.it<\/a><\/p>\n<p style=\"font-weight: normal; margin-bottom: 0px; background: 0px 0px; font-style: normal; font-variant-numeric: normal; font-variant-east-asian: normal; font-stretch: normal; font-size: 14px; line-height: normal; font-family: avenir-lt-w01_35-light1475496, sans-serif; color: #909090; pointer-events: auto;\">\n<\/p><p style=\"font-weight: normal; margin-bottom: 0px; background: 0px 0px; font-style: normal; font-variant-numeric: normal; font-variant-east-asian: normal; font-stretch: normal; font-size: 14px; line-height: normal; font-family: avenir-lt-w01_35-light1475496, sans-serif; color: #909090; pointer-events: auto;\">La vendita sul presente sito \u00e8 regolata dalle presenti Condizioni Generali di Vendita (in accordo alla legge italiana ed in particolare al D.Lgs. 70\/2003 relativamente al commercio elettronico e al D.Lgs. 206\/2005 con specifico riferimento alla normativa in materia di contratti a distanza) nonch\u00e9 dalle modalit\u00e0 indicate in dettaglio nelle sezioni del presente sito che devono considerarsi parte integrante e sostanziale del contratto di vendita. Si invita pertanto il Cliente, prima dell\u2019invio dell\u2019ordine, a leggere attentamente le condizioni di vendita come sopra individuate e le informazioni ivi contenute e a stamparle o salvarle su altro supporto duraturo a lui accessibile. Eventuali modifiche o nuove condizioni di vendita verranno tempestivamente segnalate al Cliente, saranno efficaci dal momento della pubblicazione sul sito e verranno applicate alle sole vendite concluse successivamente alla pubblicazione. L\u2019invio dell\u2019ordine da parte del Cliente vale come accettazione delle condizioni di vendita a quel momento vigenti.<\/p>\n<p style=\"margin-bottom: 0px; background: 0px 0px; font-style: normal; font-variant-numeric: normal; font-variant-east-asian: normal; font-stretch: normal; font-size: 14px; line-height: normal; font-family: avenir-lt-w01_35-light1475496, sans-serif; color: #909090; pointer-events: auto;\"><b>&nbsp;<\/b><\/p>\n<p style=\"margin-bottom: 0px; background: 0px 0px; font-style: normal; font-variant-numeric: normal; font-variant-east-asian: normal; font-stretch: normal; font-size: 14px; line-height: normal; font-family: avenir-lt-w01_35-light1475496, sans-serif; color: #909090; pointer-events: auto;\"><b>Conclusione del contratto<\/b><\/p>\n<p style=\"font-weight: normal; margin-bottom: 0px; background: 0px 0px; font-style: normal; font-variant-numeric: normal; font-variant-east-asian: normal; font-stretch: normal; font-size: 14px; line-height: normal; font-family: avenir-lt-w01_35-light1475496, sans-serif; color: #909090; pointer-events: auto;\">L\u2019ordine inviato dal Cliente a Infinity smile attraverso la rete Internet deve essere completato in ogni sua parte e deve contenere gli elementi necessari per l\u2019identificazione del Cliente e dei prodotti ordinati nonch\u00e9 l\u2019indicazione del luogo di consegna, pena la sua nullit\u00e0. Infinity smile creazioni&nbsp;invier\u00e0 al Cliente, tramite posta elettronica, una conferma di ricevuta d\u2019ordine, contenente un rimando alle condizioni di vendita applicabili.<\/p>\n<p style=\"font-weight: normal; margin-bottom: 0px; background: 0px 0px; font-style: normal; font-variant-numeric: normal; font-variant-east-asian: normal; font-stretch: normal; font-size: 14px; line-height: normal; font-family: avenir-lt-w01_35-light1475496, sans-serif; color: #909090; pointer-events: auto;\">\n<\/p><p style=\"font-weight: normal; margin-bottom: 0px; background: 0px 0px; font-style: normal; font-variant-numeric: normal; font-variant-east-asian: normal; font-stretch: normal; font-size: 14px; line-height: normal; font-family: avenir-lt-w01_35-light1475496, sans-serif; color: #909090; pointer-events: auto;\">\n<\/p><p style=\"margin-bottom: 0px; background: 0px 0px; font-style: normal; font-variant-numeric: normal; font-variant-east-asian: normal; font-stretch: normal; font-size: 14px; line-height: normal; font-family: avenir-lt-w01_35-light1475496, sans-serif; color: #909090; pointer-events: auto;\"><b>Caratteristiche e disponibilit\u00e0 dei prodotti<\/b><\/p>\n<p style=\"font-weight: normal; margin-bottom: 0px; background: 0px 0px; font-style: normal; font-variant-numeric: normal; font-variant-east-asian: normal; font-stretch: normal; font-size: 14px; line-height: normal; font-family: avenir-lt-w01_35-light1475496, sans-serif; color: #909090; pointer-events: auto;\">In particolari circostanze, Infinity smile&nbsp;creazioni potrebbe non essere in grado di assicurare la disponibilit\u00e0 di tutti i prodotti offerti e non potr\u00e0 pertanto essere considerata responsabile per la temporanea indisponibilit\u00e0 di uno o pi\u00f9 prodotti. Fatto salvo quanto di seguito pattuito (Diritto di recesso) l\u2019invio dell\u2019ordine da parte del Cliente vale come accettazione anche di un\u2019eventuale consegna parziale, limitata ai prodotti disponibili nell\u2019ambito di quelli ordinati, nonch\u00e9 come rinuncia a richiedere a tale titolo risarcimenti e\/o indennizzi. Infinity smile creazioni si impegna peraltro, a norma di legge, ad informare tempestivamente il Cliente dell\u2019eventuale indisponibilit\u00e0 del prodotto ordinato.<\/p>\n<p style=\"font-weight: normal; margin-bottom: 0px; background: 0px 0px; font-style: normal; font-variant-numeric: normal; font-variant-east-asian: normal; font-stretch: normal; font-size: 14px; line-height: normal; font-family: avenir-lt-w01_35-light1475496, sans-serif; color: #909090; pointer-events: auto;\">\n<\/p><p style=\"font-weight: normal; margin-bottom: 0px; background: 0px 0px; font-style: normal; font-variant-numeric: normal; font-variant-east-asian: normal; font-stretch: normal; font-size: 14px; line-height: normal; font-family: avenir-lt-w01_35-light1475496, sans-serif; color: #909090; pointer-events: auto;\">\n<\/p><p style=\"margin-bottom: 0px; background: 0px 0px; font-style: normal; font-variant-numeric: normal; font-variant-east-asian: normal; font-stretch: normal; font-size: 14px; line-height: normal; font-family: avenir-lt-w01_35-light1475496, sans-serif; color: #909090; pointer-events: auto;\"><b>Diritto di recesso<\/b><\/p>\n<p style=\"font-weight: normal; margin-bottom: 0px; background: 0px 0px; font-style: normal; font-variant-numeric: normal; font-variant-east-asian: normal; font-stretch: normal; font-size: 14px; line-height: normal; font-family: avenir-lt-w01_35-light1475496, sans-serif; color: #909090; pointer-events: auto;\">Il Cliente ha diritto di recedere dal contratto, senza alcuna penalit\u00e0 e senza specificarne il motivo, entro 14 giorni lavorativi dalla consegna del prodotto o prodotti acquistati, secondo correttezza e buona fede, previa comunicazione scritta da inoltrarsi a Infinity smile creazioni &nbsp;tramite posta elettronica all\u2019indirizzo&nbsp;<span style=\"background: 0px 0px; text-decoration-line: underline;\"><a style=\"background-image: initial; background-position: 0px 0px; background-size: initial; background-repeat: initial; background-attachment: initial; background-origin: initial; background-clip: initial; cursor: pointer; color: inherit;\" href=\"mailto:info@infinitysmilecreazioni.it\" target=\"_self\" data-content=\"info@infinitysmilecreazioni.it\" data-type=\"mail\">info@infinitysmilecreazioni.it<\/a><\/span>. Sono esclusi dal diritto di recesso tutti i prodotti appositamente personalizzati, per i quali non vi \u00e8 da parte del venditore possibilit\u00e0 di riutilizzo. Nella comunicazione il Cliente dovr\u00e0 indicare il prodotto o i prodotti per i quali intende esercitare il diritto di recesso. Il Cliente&nbsp;provveder\u00e0, a propria cura e spese, alla spedizione del prodotto o dei prodotti in parola con le modalit\u00e0 e nei termini che verranno previamente concordati con il Cliente, salvo propria rinuncia alla restituzione di quanto sopra.<\/p>\n<p style=\"font-weight: normal; margin-bottom: 0px; background: 0px 0px; font-style: normal; font-variant-numeric: normal; font-variant-east-asian: normal; font-stretch: normal; font-size: 14px; line-height: normal; font-family: avenir-lt-w01_35-light1475496, sans-serif; color: #909090; pointer-events: auto;\">\n<\/p><p style=\"font-weight: normal; margin-bottom: 0px; background: 0px 0px; font-style: normal; font-variant-numeric: normal; font-variant-east-asian: normal; font-stretch: normal; font-size: 14px; line-height: normal; font-family: avenir-lt-w01_35-light1475496, sans-serif; color: #909090; pointer-events: auto;\">\n<\/p><p style=\"margin-bottom: 0px; background: 0px 0px; font-style: normal; font-variant-numeric: normal; font-variant-east-asian: normal; font-stretch: normal; font-size: 14px; line-height: normal; font-family: avenir-lt-w01_35-light1475496, sans-serif; color: #909090; pointer-events: auto;\"><b>Consegna<\/b><\/p>\n<p style=\"font-weight: normal; margin-bottom: 0px; background: 0px 0px; font-style: normal; font-variant-numeric: normal; font-variant-east-asian: normal; font-stretch: normal; font-size: 14px; line-height: normal; font-family: avenir-lt-w01_35-light1475496, sans-serif; color: #909090; pointer-events: auto;\">Infinity smile creazioni&nbsp;effettua la consegna del prodotto o dei prodotti ordinati dal Cliente, alle condizioni espressamente indicate nella sezione del presente sito.<\/p>\n<p style=\"font-weight: normal; margin-bottom: 0px; background: 0px 0px; font-style: normal; font-variant-numeric: normal; font-variant-east-asian: normal; font-stretch: normal; font-size: 14px; line-height: normal; font-family: avenir-lt-w01_35-light1475496, sans-serif; color: #909090; pointer-events: auto;\">\n<\/p><p style=\"margin-bottom: 0px; background: 0px 0px; font-style: normal; font-variant-numeric: normal; font-variant-east-asian: normal; font-stretch: normal; font-size: 14px; line-height: normal; font-family: avenir-lt-w01_35-light1475496, sans-serif; color: #909090; pointer-events: auto;\"><b>Prezzi e modalit\u00e0 di pagamento<\/b><\/p>\n<p style=\"font-weight: normal; margin-bottom: 0px; background: 0px 0px; font-style: normal; font-variant-numeric: normal; font-variant-east-asian: normal; font-stretch: normal; font-size: 14px; line-height: normal; font-family: avenir-lt-w01_35-light1475496, sans-serif; color: #909090; pointer-events: auto;\">I prezzi dei prodotti indicati nelle varie sezioni del presente sito sono IVA inclusa. I prezzi applicati sono quelli indicati nel sito al momento dell\u2019ordine da parte del Cliente. I prezzi dei singoli prodotti sono suscettibili di variazione e, pertanto, i prezzi di volta in volta indicati nel sito, annullano e sostituiscono quelli precedentemente indicati. Il prezzo dei prodotti acquistati, unitamente al costo della consegna a domicilio, dovr\u00e0 essere pagato dal Cliente seco<span style=\"background-color: initial; font-family: avenir-lt-w01_35-light1475496, sans-serif; font-size: 14px; font-style: normal; font-weight: normal;\">ndo le modalit\u00e0 indicate nella sezione del presente sito.<\/span><\/p>\n<p style=\"margin-bottom: 0px; background: 0px 0px; font-style: normal; font-variant-numeric: normal; font-variant-east-asian: normal; font-stretch: normal; font-size: 14px; line-height: normal; font-family: avenir-lt-w01_35-light1475496, sans-serif; color: #909090; pointer-events: auto;\"><b>&nbsp;<\/b><\/p>\n<p style=\"margin-bottom: 0px; background: 0px 0px; font-style: normal; font-variant-numeric: normal; font-variant-east-asian: normal; font-stretch: normal; font-size: 14px; line-height: normal; font-family: avenir-lt-w01_35-light1475496, sans-serif; color: #909090; pointer-events: auto;\"><b>Garanzie e responsabilit\u00e0<\/b><\/p>\n<p style=\"font-weight: normal; margin-bottom: 0px; background: 0px 0px; font-style: normal; font-variant-numeric: normal; font-variant-east-asian: normal; font-stretch: normal; font-size: 14px; line-height: normal; font-family: avenir-lt-w01_35-light1475496, sans-serif; color: #909090; pointer-events: auto;\">Infinity smile creazioni, nei limiti di disponibilit\u00e0 come sopra disciplinati, garantisce che verranno consegnati prodotti eguali a quelli indicati e descritti nel sito. Per tutti i prodotti venduti vale la responsabilit\u00e0 del produttore. Il produttore \u00e8 responsabile anche della veridicit\u00e0 e completezza delle indicazioni riportate sulle confezioni. Le immagini presenti sul sito sono fornite al Cliente per agevolare il riconoscimento dei prodotti; a causa di variazioni nella confezione da parte del produttore, le foto potrebbero non rispecchiare esattamente l\u2019aspetto del prodotto consegnato.<\/p>\n<p style=\"font-weight: normal; margin-bottom: 0px; background: 0px 0px; font-style: normal; font-variant-numeric: normal; font-variant-east-asian: normal; font-stretch: normal; font-size: 14px; line-height: normal; font-family: avenir-lt-w01_35-light1475496, sans-serif; color: #909090; pointer-events: auto;\">\n<\/p><p style=\"font-weight: normal; margin-bottom: 0px; background: 0px 0px; font-style: normal; font-variant-numeric: normal; font-variant-east-asian: normal; font-stretch: normal; font-size: 14px; line-height: normal; font-family: avenir-lt-w01_35-light1475496, sans-serif; color: #909090; pointer-events: auto;\">\n<\/p><p style=\"margin-bottom: 0px; background: 0px 0px; font-style: normal; font-variant-numeric: normal; font-variant-east-asian: normal; font-stretch: normal; font-size: 14px; line-height: normal; font-family: avenir-lt-w01_35-light1475496, sans-serif; color: #909090; pointer-events: auto;\"><b>Controversie e legge applicabile<\/b><\/p>\n<p style=\"font-weight: normal; margin-bottom: 0px; background: 0px 0px; font-style: normal; font-variant-numeric: normal; font-variant-east-asian: normal; font-stretch: normal; font-size: 14px; line-height: normal; font-family: avenir-lt-w01_35-light1475496, sans-serif; color: #909090; pointer-events: auto;\">Le controversie civili inerenti l\u2019applicazione, l\u2019esecuzione e l\u2019interpretazione del contratto di vendita a distanza sono sottoposte alla giurisdizione italiana e sar\u00e0 competente il Foro del luogo di residenza o di domicilio del Cliente, se ubicati nel territorio italiano. I contratti stipulati a distanza con&nbsp;Infinity smile creazioni&nbsp;sono regolati dalla legge italiana e, per quanto, non espressamente previsto, valgono le norme di legge in materia.<\/p>\n<p style=\"font-weight: normal; margin-bottom: 0px; background: 0px 0px; font-style: normal; font-variant-numeric: normal; font-variant-east-asian: normal; font-stretch: normal; font-size: 14px; line-height: normal; font-family: avenir-lt-w01_35-light1475496, sans-serif; color: #909090; pointer-events: auto;\">\n<\/p><p style=\"font-weight: normal; margin-bottom: 0px; background: 0px 0px; font-style: normal; font-variant-numeric: normal; font-variant-east-asian: normal; font-stretch: normal; font-size: 14px; line-height: normal; font-family: avenir-lt-w01_35-light1475496, sans-serif; color: #909090; pointer-events: auto;\">\n<\/p><p style=\"margin-bottom: 0px; background: 0px 0px; font-style: normal; font-variant-numeric: normal; font-variant-east-asian: normal; font-stretch: normal; font-size: 14px; line-height: normal; font-family: avenir-lt-w01_35-light1475496, sans-serif; color: #909090; pointer-events: auto;\"><b>Le condizioni di vendita sono:<\/b><\/p>\n<p style=\"font-weight: normal; margin-bottom: 0px; background: 0px 0px; font-style: normal; font-variant-numeric: normal; font-variant-east-asian: normal; font-stretch: normal; font-size: 14px; line-height: normal; font-family: avenir-lt-w01_35-light1475496, sans-serif; color: #909090; pointer-events: auto;\">Trasporto gratuito per ordini superiori a \u20ac 79,00 iva inclusa<\/p>\n<p style=\"font-weight: normal; margin-bottom: 0px; background: 0px 0px; font-style: normal; font-variant-numeric: normal; font-variant-east-asian: normal; font-stretch: normal; font-size: 14px; line-height: normal; font-family: avenir-lt-w01_35-light1475496, sans-serif; color: #909090; pointer-events: auto;\">Spese di spedizione per ordini inferiori a \u20ac 79,00 iva inclusa.: \u20ac 6,99 iva inclusa<\/p>\n<\/div>\t\t\t\t\t\t\t\t<\/div>\n\t\t\t\t<\/div>\n\t\t\t\t\t<\/div>\n\t\t<\/div>\n\t\t\t\t\t<\/div>\n\t\t<\/section>\n\t\t\t\t<\/div>\n\t\t","protected":false},"excerpt":{"rendered":"<p>TERMINI E CONDIZIONI D&#8217;USO Il presente sito \u00e8 propriet\u00e0 di: Infinity smile creazioni&nbsp;di Manuel Piras Sede Legale ed Operativa:&nbsp; Codice Fiscale\/Partita IVA:&nbsp;02620670063 Tel: +39 3516895018 E-mail:&nbsp;info@infinitysmilecreazioni.it La vendita sul presente sito \u00e8 regolata dalle presenti Condizioni Generali di Vendita (in accordo alla legge italiana ed in particolare al D.Lgs. 70\/2003 relativamente al commercio elettronico e [&hellip;]<\/p>\n","protected":false},"author":2,"featured_media":0,"parent":0,"menu_order":0,"comment_status":"closed","ping_status":"closed","template":"","meta":{"_monsterinsights_skip_tracking":false,"_monsterinsights_sitenote_active":false,"_monsterinsights_sitenote_note":"","_monsterinsights_sitenote_category":0,"ocean_post_layout":"","ocean_both_sidebars_style":"","ocean_both_sidebars_content_width":0,"ocean_both_sidebars_sidebars_width":0,"ocean_sidebar":"0","ocean_second_sidebar":"0","ocean_disable_margins":"enable","ocean_add_body_class":"","ocean_shortcode_before_top_bar":"","ocean_shortcode_after_top_bar":"","ocean_shortcode_before_header":"","ocean_shortcode_after_header":"","ocean_has_shortcode":"","ocean_shortcode_after_title":"","ocean_shortcode_before_footer_widgets":"","ocean_shortcode_after_footer_widgets":"","ocean_shortcode_before_footer_bottom":"","ocean_shortcode_after_footer_bottom":"","ocean_display_top_bar":"default","ocean_display_header":"default","ocean_header_style":"","ocean_center_header_left_menu":"0","ocean_custom_header_template":"0","ocean_custom_logo":0,"ocean_custom_retina_logo":0,"ocean_custom_logo_max_width":0,"ocean_custom_logo_tablet_max_width":0,"ocean_custom_logo_mobile_max_width":0,"ocean_custom_logo_max_height":0,"ocean_custom_logo_tablet_max_height":0,"ocean_custom_logo_mobile_max_height":0,"ocean_header_custom_menu":"0","ocean_menu_typo_font_family":"0","ocean_menu_typo_font_subset":"","ocean_menu_typo_font_size":0,"ocean_menu_typo_font_size_tablet":0,"ocean_menu_typo_font_size_mobile":0,"ocean_menu_typo_font_size_unit":"px","ocean_menu_typo_font_weight":"","ocean_menu_typo_font_weight_tablet":"","ocean_menu_typo_font_weight_mobile":"","ocean_menu_typo_transform":"","ocean_menu_typo_transform_tablet":"","ocean_menu_typo_transform_mobile":"","ocean_menu_typo_line_height":0,"ocean_menu_typo_line_height_tablet":0,"ocean_menu_typo_line_height_mobile":0,"ocean_menu_typo_line_height_unit":"","ocean_menu_typo_spacing":0,"ocean_menu_typo_spacing_tablet":0,"ocean_menu_typo_spacing_mobile":0,"ocean_menu_typo_spacing_unit":"","ocean_menu_link_color":"","ocean_menu_link_color_hover":"","ocean_menu_link_color_active":"","ocean_menu_link_background":"","ocean_menu_link_hover_background":"","ocean_menu_link_active_background":"","ocean_menu_social_links_bg":"","ocean_menu_social_hover_links_bg":"","ocean_menu_social_links_color":"","ocean_menu_social_hover_links_color":"","ocean_disable_title":"default","ocean_disable_heading":"default","ocean_post_title":"","ocean_post_subheading":"","ocean_post_title_style":"","ocean_post_title_background_color":"","ocean_post_title_background":0,"ocean_post_title_bg_image_position":"","ocean_post_title_bg_image_attachment":"","ocean_post_title_bg_image_repeat":"","ocean_post_title_bg_image_size":"","ocean_post_title_height":0,"ocean_post_title_bg_overlay":0.5,"ocean_post_title_bg_overlay_color":"","ocean_disable_breadcrumbs":"default","ocean_breadcrumbs_color":"","ocean_breadcrumbs_separator_color":"","ocean_breadcrumbs_links_color":"","ocean_breadcrumbs_links_hover_color":"","ocean_display_footer_widgets":"default","ocean_display_footer_bottom":"default","ocean_custom_footer_template":"0","footnotes":""},"class_list":["post-2020","page","type-page","status-publish","hentry","entry","owp-thumbs-layout-horizontal","owp-btn-normal","owp-tabs-layout-horizontal","has-no-thumbnails","has-product-nav"],"_links":{"self":[{"href":"https:\/\/infinitysmilecreazioni.it\/index.php?rest_route=\/wp\/v2\/pages\/2020","targetHints":{"allow":["GET"]}}],"collection":[{"href":"https:\/\/infinitysmilecreazioni.it\/index.php?rest_route=\/wp\/v2\/pages"}],"about":[{"href":"https:\/\/infinitysmilecreazioni.it\/index.php?rest_route=\/wp\/v2\/types\/page"}],"author":[{"embeddable":true,"href":"https:\/\/infinitysmilecreazioni.it\/index.php?rest_route=\/wp\/v2\/users\/2"}],"replies":[{"embeddable":true,"href":"https:\/\/infinitysmilecreazioni.it\/index.php?rest_route=%2Fwp%2Fv2%2Fcomments&post=2020"}],"version-history":[{"count":19,"href":"https:\/\/infinitysmilecreazioni.it\/index.php?rest_route=\/wp\/v2\/pages\/2020\/revisions"}],"predecessor-version":[{"id":4282,"href":"https:\/\/infinitysmilecreazioni.it\/index.php?rest_route=\/wp\/v2\/pages\/2020\/revisions\/4282"}],"wp:attachment":[{"href":"https:\/\/infinitysmilecreazioni.it\/index.php?rest_route=%2Fwp%2Fv2%2Fmedia&parent=2020"}],"curies":[{"name":"wp","href":"https:\/\/api.w.org\/{rel}","templated":true}]}}